{"id":31720,"date":"2025-12-04T15:34:37","date_gmt":"2025-12-04T14:34:37","guid":{"rendered":"https:\/\/www.sb-canada.com\/reconnaissance-des-terres\/"},"modified":"2026-01-14T12:04:03","modified_gmt":"2026-01-14T11:04:03","slug":"reconnaissance-des-terres","status":"publish","type":"page","link":"https:\/\/www.sb-canada.com\/fr\/reconnaissance-des-terres\/","title":{"rendered":"Reconnaissance des terres"},"content":{"rendered":"<div class=\"fusion-fullwidth fullwidth-box fusion-builder-row-1 nonhundred-percent-fullwidth non-hundred-percent-height-scrolling\" style=\"--awb-border-radius-top-left:0px;--awb-border-radius-top-right:0px;--awb-border-radius-bottom-right:0px;--awb-border-radius-bottom-left:0px;--awb-flex-wrap:wrap;\" ><div class=\"fusion-builder-row fusion-row\"><div class=\"fusion-layout-column fusion_builder_column fusion-builder-column-0 fusion_builder_column_1_1 1_1 fusion-one-full fusion-column-first fusion-column-last\" style=\"--awb-bg-size:cover;--awb-margin-top:0px;--awb-margin-bottom:0px;\" data-scroll-devices=\"small-visibility,medium-visibility,large-visibility\"><div class=\"fusion-column-wrapper fusion-column-has-shadow fusion-flex-column-wrapper-legacy\"><div class=\"fusion-text fusion-text-1\"><p>Soletanche Bachy Canada reconna\u00eet que son travail se d\u00e9roule sur les terres et territoires traditionnels, ancestraux et non c\u00e9d\u00e9s de nombreuses Premi\u00e8res nations, d&rsquo;Inuits et de M\u00e9tis dans l&rsquo;ensemble du Canada.<\/p>\n<p>Nous reconnaissons et honorons les liens historiques, culturels et spirituels profonds que les peuples autochtones entretiennent avec ces terres et ces eaux, et nous nous engageons \u00e0 agir dans un esprit de r\u00e9conciliation et de respect mutuel.<\/p>\n<p>Nous sommes reconnaissants de pouvoir travailler et construire sur ces territoires traditionnels et nous nous effor\u00e7ons de contribuer \u00e0 un avenir plus inclusif et plus respectueux pour tous.<\/p>\n<p>&nbsp;<\/p>\n<p>&nbsp;<\/p>\n<p>&nbsp;<\/p>\n<\/div><div class=\"fusion-clearfix\"><\/div><\/div><\/div><\/div><\/div>\n","protected":false},"excerpt":{"rendered":"","protected":false},"author":1727,"featured_media":0,"parent":0,"menu_order":0,"comment_status":"closed","ping_status":"closed","template":"","meta":{"footnotes":""},"class_list":["post-31720","page","type-page","status-publish","hentry"],"aioseo_notices":[],"_links":{"self":[{"href":"https:\/\/www.sb-canada.com\/fr\/wp-json\/wp\/v2\/pages\/31720","targetHints":{"allow":["GET"]}}],"collection":[{"href":"https:\/\/www.sb-canada.com\/fr\/wp-json\/wp\/v2\/pages"}],"about":[{"href":"https:\/\/www.sb-canada.com\/fr\/wp-json\/wp\/v2\/types\/page"}],"author":[{"embeddable":true,"href":"https:\/\/www.sb-canada.com\/fr\/wp-json\/wp\/v2\/users\/1727"}],"replies":[{"embeddable":true,"href":"https:\/\/www.sb-canada.com\/fr\/wp-json\/wp\/v2\/comments?post=31720"}],"version-history":[{"count":1,"href":"https:\/\/www.sb-canada.com\/fr\/wp-json\/wp\/v2\/pages\/31720\/revisions"}],"predecessor-version":[{"id":31723,"href":"https:\/\/www.sb-canada.com\/fr\/wp-json\/wp\/v2\/pages\/31720\/revisions\/31723"}],"wp:attachment":[{"href":"https:\/\/www.sb-canada.com\/fr\/wp-json\/wp\/v2\/media?parent=31720"}],"curies":[{"name":"wp","href":"https:\/\/api.w.org\/{rel}","templated":true}]}}