{"id":31751,"date":"2021-07-07T11:39:41","date_gmt":"2021-07-07T09:39:41","guid":{"rendered":"https:\/\/www.sb-canada.com\/accessibilite\/"},"modified":"2026-01-14T12:17:23","modified_gmt":"2026-01-14T11:17:23","slug":"accessibilite","status":"publish","type":"page","link":"https:\/\/www.sb-canada.com\/fr\/accessibilite\/","title":{"rendered":"Accessibilit\u00e9"},"content":{"rendered":"<div class=\"fusion-fullwidth fullwidth-box fusion-builder-row-1 has-pattern-background has-mask-background nonhundred-percent-fullwidth non-hundred-percent-height-scrolling\" style=\"--awb-border-radius-top-left:0px;--awb-border-radius-top-right:0px;--awb-border-radius-bottom-right:0px;--awb-border-radius-bottom-left:0px;--awb-flex-wrap:wrap;\" ><div class=\"fusion-builder-row fusion-row\"><div class=\"fusion-layout-column fusion_builder_column fusion-builder-column-0 fusion_builder_column_1_1 1_1 fusion-one-full fusion-column-first fusion-column-last\" style=\"--awb-bg-size:cover;--awb-margin-top:0px;--awb-margin-bottom:0px;\"><div class=\"fusion-column-wrapper fusion-flex-column-wrapper-legacy\"><div class=\"fusion-text fusion-text-1\"><p>Soletanche Bachy Canada s&rsquo;engage \u00e0 assurer l&rsquo;accessibilit\u00e9 num\u00e9rique pour tous les utilisateurs, y compris les personnes handicap\u00e9es. Nous nous effor\u00e7ons d&rsquo;am\u00e9liorer l&rsquo;exp\u00e9rience utilisateur pour tous et de rendre notre site Web accessible, quelle que soit la technologie utilis\u00e9e ou les capacit\u00e9s de l&rsquo;utilisateur. <\/p>\n<p>Nous travaillons en permanence \u00e0 l&rsquo;am\u00e9lioration de l&rsquo;accessibilit\u00e9 et de la facilit\u00e9 d&rsquo;utilisation de notre site afin de le rendre conforme aux directives sur l&rsquo;accessibilit\u00e9 des contenus web (WCAG) 2.0 niveau AA, comme l&rsquo;exige la loi AODA. Bien que nous proc\u00e9dions r\u00e9guli\u00e8rement \u00e0 des audits, nous sommes conscients que des probl\u00e8mes peuvent encore survenir en raison des diff\u00e9rences entre les appareils, les navigateurs ou les technologies d&rsquo;assistance. <\/p>\n<p>Si vous rencontrez des difficult\u00e9s pour acc\u00e9der au contenu de ce site web, nous sommes l\u00e0 pour vous aider. Vous pouvez demander l&rsquo;information dans un autre format ou nous contacter pour obtenir de l&rsquo;aide. <\/p>\n<p>\ud83d\udce7 Courriel : <span data-teams=\"true\">info@sb-canada.com<\/span><\/p>\n<p>\ud83d\udcde T\u00e9l\u00e9phone : 905-528-7924<\/p>\n<p>Veuillez nous indiquer le contenu auquel vous essayez d&rsquo;acc\u00e9der et le format que vous pr\u00e9f\u00e9rez (par exemple PDF, audio, vid\u00e9o ou gros caract\u00e8res), et nous vous r\u00e9pondrons le plus rapidement possible.<\/p>\n<p>&nbsp;<\/p>\n<p>&nbsp;<\/p>\n<\/div><div class=\"fusion-clearfix\"><\/div><\/div><\/div><\/div><\/div>\n","protected":false},"excerpt":{"rendered":"","protected":false},"author":1,"featured_media":0,"parent":0,"menu_order":0,"comment_status":"closed","ping_status":"closed","template":"","meta":{"footnotes":""},"class_list":["post-31751","page","type-page","status-publish","hentry"],"aioseo_notices":[],"_links":{"self":[{"href":"https:\/\/www.sb-canada.com\/fr\/wp-json\/wp\/v2\/pages\/31751","targetHints":{"allow":["GET"]}}],"collection":[{"href":"https:\/\/www.sb-canada.com\/fr\/wp-json\/wp\/v2\/pages"}],"about":[{"href":"https:\/\/www.sb-canada.com\/fr\/wp-json\/wp\/v2\/types\/page"}],"author":[{"embeddable":true,"href":"https:\/\/www.sb-canada.com\/fr\/wp-json\/wp\/v2\/users\/1"}],"replies":[{"embeddable":true,"href":"https:\/\/www.sb-canada.com\/fr\/wp-json\/wp\/v2\/comments?post=31751"}],"version-history":[{"count":1,"href":"https:\/\/www.sb-canada.com\/fr\/wp-json\/wp\/v2\/pages\/31751\/revisions"}],"predecessor-version":[{"id":31752,"href":"https:\/\/www.sb-canada.com\/fr\/wp-json\/wp\/v2\/pages\/31751\/revisions\/31752"}],"wp:attachment":[{"href":"https:\/\/www.sb-canada.com\/fr\/wp-json\/wp\/v2\/media?parent=31751"}],"curies":[{"name":"wp","href":"https:\/\/api.w.org\/{rel}","templated":true}]}}