{"id":31807,"date":"2019-04-18T13:13:12","date_gmt":"2019-04-18T11:13:12","guid":{"rendered":"https:\/\/www.sb-canada.com\/politique-en-matiere-de-cookies\/"},"modified":"2026-01-14T12:22:45","modified_gmt":"2026-01-14T11:22:45","slug":"politique-en-matiere-de-cookies","status":"publish","type":"page","link":"https:\/\/www.sb-canada.com\/fr\/politique-en-matiere-de-cookies\/","title":{"rendered":"Politique en mati\u00e8re de cookies"},"content":{"rendered":"<div class=\"fusion-fullwidth fullwidth-box fusion-builder-row-1 nonhundred-percent-fullwidth non-hundred-percent-height-scrolling\" style=\"--awb-border-radius-top-left:0px;--awb-border-radius-top-right:0px;--awb-border-radius-bottom-right:0px;--awb-border-radius-bottom-left:0px;--awb-flex-wrap:wrap;\" ><div class=\"fusion-builder-row fusion-row\"><div class=\"fusion-layout-column fusion_builder_column fusion-builder-column-0 fusion_builder_column_1_1 1_1 fusion-one-full fusion-column-first fusion-column-last\" style=\"--awb-bg-blend:overlay;--awb-bg-size:cover;--awb-margin-top:0px;--awb-margin-bottom:0px;\"><div class=\"fusion-column-wrapper fusion-flex-column-wrapper-legacy\"><div class=\"fusion-text fusion-text-1\" style=\"--awb-text-transform:none;\"><h2 class=\"fusion-responsive-typography-calculated\" style=\"--fontsize: 45;line-height: 1.5\" data-fontsize=\"45\" data-lineheight=\"67.5px\"><span style=\"font-family: Arial, Helvetica, sans-serif;font-size: 20px;font-weight: 400\"> <\/span><\/h2>\n<p style=\"--fontsize: 45;line-height: 1.5\"><span style=\"font-family: Arial, Helvetica, sans-serif;font-size: 20px;font-weight: 400\">Ce site web utilise des cookies pour am\u00e9liorer votre exp\u00e9rience et nous aider \u00e0 mieux comprendre comment les visiteurs interagissent avec notre site. La pr\u00e9sente politique en mati\u00e8re de cookies explique ce que sont les cookies, comment nous les utilisons et quelles sont les options dont vous disposez pour les g\u00e9rer. <\/span><\/p>\n<p>&nbsp;<\/p>\n<p><strong>Qu&rsquo;est-ce qu&rsquo;un biscuit ?<\/strong><\/p>\n<p>Les cookies sont de petits fichiers texte qui sont stock\u00e9s sur votre ordinateur ou votre appareil mobile lorsque vous visitez un site web. Ils sont utilis\u00e9s pour aider les sites web \u00e0 se souvenir de vos actions et de vos pr\u00e9f\u00e9rences (telles que les param\u00e8tres de connexion, de langue et d&rsquo;affichage), \u00e0 analyser les performances du site web et \u00e0 am\u00e9liorer l&rsquo;exp\u00e9rience de l&rsquo;utilisateur. <\/p>\n<p>Les cookies peuvent \u00eatre soit<\/p>\n<ul>\n<li>les cookies de session, qui sont supprim\u00e9s lorsque vous fermez votre navigateur<\/li>\n<li>les cookies persistants, qui restent sur votre appareil pendant une p\u00e9riode d\u00e9termin\u00e9e ou jusqu&rsquo;\u00e0 ce que vous les supprimiez<\/li>\n<\/ul>\n<p>&nbsp;<\/p>\n<p><strong>Pourquoi utilisons-nous des cookies ?<\/strong><\/p>\n<p>Nous utilisons des cookies sur notre site web aux fins suivantes :<\/p>\n<ul>\n<li>Cookies essentiels : Ces cookies sont n\u00e9cessaires au bon fonctionnement du site web (par exemple, navigation, acc\u00e8s aux pages).<\/li>\n<li>Cookies de performance : Ces cookies nous aident \u00e0 comprendre comment les visiteurs utilisent le site web (par exemple, quelles sont les pages les plus visit\u00e9es), ce qui nous permet d&rsquo;am\u00e9liorer les performances et la convivialit\u00e9.<\/li>\n<li>Cookies de fonctionnalit\u00e9 : Ces cookies m\u00e9morisent vos pr\u00e9f\u00e9rences (comme les param\u00e8tres linguistiques) afin de personnaliser votre exp\u00e9rience.<\/li>\n<\/ul>\n<p>Nous n&rsquo;utilisons pas les cookies pour collecter des informations personnelles \u00e0 des fins publicitaires et nous ne partageons pas les donn\u00e9es des cookies avec des tiers \u00e0 des fins de marketing.<\/p>\n<p>&nbsp;<\/p>\n<p><strong>Exemples de cookies pouvant \u00eatre utilis\u00e9s<\/strong><\/p>\n<p>Selon la mani\u00e8re dont le site est configur\u00e9, les cookies peuvent inclure :<\/p>\n<ul>\n<li>PHPSESSID (suivi de session)<\/li>\n<li>wp-wpml_current_language (pr\u00e9f\u00e9rence linguistique)<\/li>\n<li>Google Analytics (_ga, _gid) pour l&rsquo;analyse anonyme du trafic<\/li>\n<\/ul>\n<p>Nous pouvons \u00e9galement utiliser du contenu int\u00e9gr\u00e9 provenant de services tels que YouTube ou LinkedIn, qui peuvent installer leurs propres cookies.<\/p>\n<p>Nous nous appuyons sur un consentement implicite pour les cookies essentiels et obtenons un consentement explicite (via une banni\u00e8re opt-in) pour les cookies de performance\/analyse, conform\u00e9ment aux exigences de la LPRPDE en mati\u00e8re de consentement pour les informations personnelles telles que les donn\u00e9es de trafic anonymes.<\/p>\n<p>&nbsp;<\/p>\n<p><strong>Gestion de vos pr\u00e9f\u00e9rences en mati\u00e8re de cookies<\/strong><\/p>\n<p>Vous pouvez \u00e0 tout moment g\u00e9rer ou d\u00e9sactiver les cookies par le biais des param\u00e8tres de votre navigateur. Toutefois, veuillez noter que la d\u00e9sactivation de certains cookies peut avoir une incidence sur votre capacit\u00e9 \u00e0 acc\u00e9der \u00e0 toutes les fonctionnalit\u00e9s de notre site web. <\/p>\n<p>Voici comment g\u00e9rer les cookies dans les navigateurs les plus courants :<\/p>\n<ul>\n<li>Google Chrome : Param\u00e8tres &gt; Confidentialit\u00e9 et s\u00e9curit\u00e9 &gt; Cookies et autres donn\u00e9es du site<\/li>\n<li>Mozilla Firefox : Options &gt; Confidentialit\u00e9 et s\u00e9curit\u00e9<\/li>\n<li>Safari : Pr\u00e9f\u00e9rences &gt; Confidentialit\u00e9 &gt; G\u00e9rer les donn\u00e9es du site Web<\/li>\n<li>Microsoft Edge : Param\u00e8tres &gt; Autorisations du site &gt; Cookies et donn\u00e9es du site<\/li>\n<\/ul>\n<p>Pour plus de d\u00e9tails, reportez-vous \u00e0 la section d&rsquo;aide de votre navigateur. Les cookies peuvent collecter des donn\u00e9es anonymes, telles que les habitudes de navigation. Nous conservons les donn\u00e9es analytiques pendant deux ans au maximum, conform\u00e9ment aux limites de conservation pr\u00e9vues par la LPRPDE.  <\/p>\n<p>&nbsp;<\/p>\n<p><strong>Modifications de cette politique<\/strong><\/p>\n<p>La pr\u00e9sente politique en mati\u00e8re de cookies peut \u00eatre mise \u00e0 jour de temps \u00e0 autre pour refl\u00e9ter les modifications apport\u00e9es aux exigences l\u00e9gales ou \u00e0 la fonctionnalit\u00e9 du site web. Toute modification importante sera signal\u00e9e sur cette page. <\/p>\n<p>Si vous avez des questions concernant cette politique, veuillez nous contacter \u00e0 l&rsquo;adresse suivante :<\/p>\n<p>\ud83d\udce7 info@sb-canada.com<\/p>\n<p>\ud83d\udcde 905-528-7924<\/p>\n<p>&nbsp;<\/p>\n<p>&nbsp;<\/p>\n<p>&nbsp;<\/p>\n<\/div><div class=\"fusion-clearfix\"><\/div><\/div><\/div><\/div><\/div>\n","protected":false},"excerpt":{"rendered":"","protected":false},"author":1,"featured_media":0,"parent":0,"menu_order":0,"comment_status":"closed","ping_status":"closed","template":"","meta":{"footnotes":""},"class_list":["post-31807","page","type-page","status-publish","hentry"],"aioseo_notices":[],"_links":{"self":[{"href":"https:\/\/www.sb-canada.com\/fr\/wp-json\/wp\/v2\/pages\/31807","targetHints":{"allow":["GET"]}}],"collection":[{"href":"https:\/\/www.sb-canada.com\/fr\/wp-json\/wp\/v2\/pages"}],"about":[{"href":"https:\/\/www.sb-canada.com\/fr\/wp-json\/wp\/v2\/types\/page"}],"author":[{"embeddable":true,"href":"https:\/\/www.sb-canada.com\/fr\/wp-json\/wp\/v2\/users\/1"}],"replies":[{"embeddable":true,"href":"https:\/\/www.sb-canada.com\/fr\/wp-json\/wp\/v2\/comments?post=31807"}],"version-history":[{"count":1,"href":"https:\/\/www.sb-canada.com\/fr\/wp-json\/wp\/v2\/pages\/31807\/revisions"}],"predecessor-version":[{"id":31810,"href":"https:\/\/www.sb-canada.com\/fr\/wp-json\/wp\/v2\/pages\/31807\/revisions\/31810"}],"wp:attachment":[{"href":"https:\/\/www.sb-canada.com\/fr\/wp-json\/wp\/v2\/media?parent=31807"}],"curies":[{"name":"wp","href":"https:\/\/api.w.org\/{rel}","templated":true}]}}